{"id":1451,"date":"2021-12-16T08:40:18","date_gmt":"2021-12-16T08:40:18","guid":{"rendered":"https:\/\/zen-shaw.157-90-88-146.plesk.page\/?post_type=product&#038;p=1451"},"modified":"2024-03-25T02:39:49","modified_gmt":"2024-03-25T01:39:49","slug":"sto-color-in","status":"publish","type":"product","link":"https:\/\/wolkersdorfer.at\/index.php\/produkt\/sto-color-in\/","title":{"rendered":"Sto Color In"},"content":{"rendered":"<div class=\"col-8\">\n<p class=\"h4\" data-qa=\"section\/productDetails\/propertyHeading\"><strong>Eigenschaften<\/strong><br \/>\nkonservierungsmittelfrei, schimmelpilzhemmend, gut deckend, organischer Anteil &lt; 5 %, l\u00f6semittel- und weichmacherfrei sowie emissionsarm, T\u00dcV-Mark &#8211; fremd\u00fcberwacht, frei von fogging-aktiven Substanzen<\/p>\n<dl class=\"definition-list definition-list--regular\">\n<dt data-qa=\"section\/productDetails\/additionalPropertyLabel\">Farbton: Wei\u00df, Altwei\u00df AW11\/AW15, STH01 (RAL 9010), STH02 (NCS S 0500N), STH04 (RAL 9016)<br \/>\nHinweise: altwei\u00df AW11\/AW15, RAL 9010, RAL 9016, NCS S 0500N sind get\u00f6nte Varianten jedoch preisgleich mit Wei\u00df<br \/>\nOptik: stumpfmatt nach EN 13300<strong>Anwendung<br \/>\n<\/strong>innen, als Silikatfarbe mit mineralischem Charakter f\u00fcr matte Anstriche auf Wand- und Deckenfl\u00e4chen<\/dt>\n<\/dl>\n<\/div>\n","protected":false},"excerpt":{"rendered":"<p>Konservierungsmittelfreie, stumpfmatte Dispersionssilikat-Innenfarbe, Nassabrieb 3 und Deckverm\u00f6gen 2 nach EN 13300<\/p>\n<p>15,00 ltr. Wei\u00df &#8211; pro Liter: 6,07 \u20ac<br \/>\n5,00 ltr. Wei\u00df &#8211; pro Liter: 7,58 \u20ac<\/p>\n","protected":false},"featured_media":1454,"comment_status":"open","ping_status":"closed","template":"","meta":[],"product_cat":[48],"product_tag":[],"class_list":{"0":"post-1451","1":"product","2":"type-product","3":"status-publish","4":"has-post-thumbnail","6":"product_cat-innenfarben","8":"first","9":"instock","10":"taxable","11":"shipping-taxable","12":"purchasable","13":"product-type-variable"},"_links":{"self":[{"href":"https:\/\/wolkersdorfer.at\/index.php\/wp-json\/wp\/v2\/product\/1451","targetHints":{"allow":["GET"]}}],"collection":[{"href":"https:\/\/wolkersdorfer.at\/index.php\/wp-json\/wp\/v2\/product"}],"about":[{"href":"https:\/\/wolkersdorfer.at\/index.php\/wp-json\/wp\/v2\/types\/product"}],"replies":[{"embeddable":true,"href":"https:\/\/wolkersdorfer.at\/index.php\/wp-json\/wp\/v2\/comments?post=1451"}],"wp:featuredmedia":[{"embeddable":true,"href":"https:\/\/wolkersdorfer.at\/index.php\/wp-json\/wp\/v2\/media\/1454"}],"wp:attachment":[{"href":"https:\/\/wolkersdorfer.at\/index.php\/wp-json\/wp\/v2\/media?parent=1451"}],"wp:term":[{"taxonomy":"product_cat","embeddable":true,"href":"https:\/\/wolkersdorfer.at\/index.php\/wp-json\/wp\/v2\/product_cat?post=1451"},{"taxonomy":"product_tag","embeddable":true,"href":"https:\/\/wolkersdorfer.at\/index.php\/wp-json\/wp\/v2\/product_tag?post=1451"}],"curies":[{"name":"wp","href":"https:\/\/api.w.org\/{rel}","templated":true}]}}